{"id":46,"date":"2017-07-29T17:32:30","date_gmt":"2017-07-29T15:32:30","guid":{"rendered":"http:\/\/betonatort.fr\/?page_id=46"},"modified":"2018-01-23T16:34:18","modified_gmt":"2018-01-23T15:34:18","slug":"contact","status":"publish","type":"page","link":"https:\/\/betonatort.fr\/index.php\/contact\/","title":{"rendered":"Contact"},"content":{"rendered":"<p>&nbsp;<\/p>\n<p>Envoyez-nous vos remarques, vos suggestions et vos id\u00e9es pour un projet de centre ville alternatif et coh\u00e9rent avec les v\u00e9ritables besoins des l&rsquo;ha\u00ffssiens \u00e0 l&rsquo;adresse ci-dessous.<br \/>\nUn minimum de 10 \u00e0 15 lignes est n\u00e9cessaire pour bien d\u00e9velopper un point de vue. Nous rendrons compte des meilleures id\u00e9es et propositions sur ce site.<\/p>\n<p style=\"text-align: center;\"><a href=\"mailto:betonatort@gmail.com\"><br \/>\nbetonatort@gmail.com<\/a><\/p>\n","protected":false},"excerpt":{"rendered":"<p>&nbsp; Envoyez-nous vos remarques, vos suggestions et vos id\u00e9es pour un projet de centre ville alternatif et coh\u00e9rent avec les v\u00e9ritables besoins des l&rsquo;ha\u00ffssiens \u00e0 l&rsquo;adresse ci-dessous. Un minimum de 10 \u00e0 15 lignes est n\u00e9cessaire pour bien d\u00e9velopper un &hellip; <a href=\"https:\/\/betonatort.fr\/index.php\/contact\/\">Continuer la lecture <span class=\"meta-nav\">&rarr;<\/span><\/a><\/p>\n","protected":false},"author":1,"featured_media":0,"parent":0,"menu_order":0,"comment_status":"closed","ping_status":"closed","template":"","meta":{"_kadence_starter_templates_imported_post":false,"footnotes":""},"class_list":["post-46","page","type-page","status-publish","hentry"],"_links":{"self":[{"href":"https:\/\/betonatort.fr\/index.php\/wp-json\/wp\/v2\/pages\/46","targetHints":{"allow":["GET"]}}],"collection":[{"href":"https:\/\/betonatort.fr\/index.php\/wp-json\/wp\/v2\/pages"}],"about":[{"href":"https:\/\/betonatort.fr\/index.php\/wp-json\/wp\/v2\/types\/page"}],"author":[{"embeddable":true,"href":"https:\/\/betonatort.fr\/index.php\/wp-json\/wp\/v2\/users\/1"}],"replies":[{"embeddable":true,"href":"https:\/\/betonatort.fr\/index.php\/wp-json\/wp\/v2\/comments?post=46"}],"version-history":[{"count":21,"href":"https:\/\/betonatort.fr\/index.php\/wp-json\/wp\/v2\/pages\/46\/revisions"}],"predecessor-version":[{"id":699,"href":"https:\/\/betonatort.fr\/index.php\/wp-json\/wp\/v2\/pages\/46\/revisions\/699"}],"wp:attachment":[{"href":"https:\/\/betonatort.fr\/index.php\/wp-json\/wp\/v2\/media?parent=46"}],"curies":[{"name":"wp","href":"https:\/\/api.w.org\/{rel}","templated":true}]}}