{"id":35,"date":"2017-07-29T17:22:35","date_gmt":"2017-07-29T15:22:35","guid":{"rendered":"http:\/\/betonatort.fr\/?page_id=35"},"modified":"2017-08-12T13:12:30","modified_gmt":"2017-08-12T11:12:30","slug":"perspective-rue-watel","status":"publish","type":"page","link":"https:\/\/betonatort.fr\/index.php\/perspective-rue-watel\/","title":{"rendered":"Perspective rue Watel"},"content":{"rendered":"<h4><strong>La rue Watel :<\/strong><\/h4>\n<p><em>Tous les arbres de cette rue, visibles sur ces images, seraient amen\u00e9s \u00e0 dispara\u00eetre avec l&rsquo;av\u00e8nement du projet de centre ville. La rue serait rehauss\u00e9e et tout le relief du coteau dispara\u00eetrait au profit d&rsquo;une place plate et b\u00e9tonn\u00e9e, parsem\u00e9e d&rsquo;arbres en pot. Sans arbres, on verrait \u00e0 nouveau tous les b\u00e2timents hauts en arri\u00e8re-plan (grande barre d&rsquo;immeuble, &#8230;) et les nouvelles construction de 4 \u00e9tages \u00e0 droite et \u00e0 gauche (<strong>photos 1 &amp; 2<\/strong>). L&rsquo;effet serait \u00e0 nouveau tout b\u00e9ton comme dans le reste de la ville.<br \/>\n<\/em><\/p>\n<p><a href=\"http:\/\/betonatort.fr\/wp-content\/uploads\/2017\/07\/DSC_0954.jpg\"><img loading=\"lazy\" decoding=\"async\" class=\"alignnone wp-image-457 size-medium\" src=\"http:\/\/betonatort.fr\/wp-content\/uploads\/2017\/07\/DSC_0954-300x199.jpg\" alt=\"\" width=\"300\" height=\"199\" srcset=\"https:\/\/betonatort.fr\/wp-content\/uploads\/2017\/07\/DSC_0954-300x199.jpg 300w, https:\/\/betonatort.fr\/wp-content\/uploads\/2017\/07\/DSC_0954-768x509.jpg 768w, https:\/\/betonatort.fr\/wp-content\/uploads\/2017\/07\/DSC_0954-1024x678.jpg 1024w\" sizes=\"auto, (max-width: 300px) 100vw, 300px\" \/><\/a> \u00a0 \u00a0 \u00a0 \u00a0\u00a0 <a href=\"http:\/\/betonatort.fr\/wp-content\/uploads\/2017\/07\/DSC_0968.jpg\"><img loading=\"lazy\" decoding=\"async\" class=\"alignnone wp-image-458 size-medium\" src=\"http:\/\/betonatort.fr\/wp-content\/uploads\/2017\/07\/DSC_0968-300x199.jpg\" alt=\"\" width=\"300\" height=\"199\" srcset=\"https:\/\/betonatort.fr\/wp-content\/uploads\/2017\/07\/DSC_0968-300x199.jpg 300w, https:\/\/betonatort.fr\/wp-content\/uploads\/2017\/07\/DSC_0968-768x509.jpg 768w, https:\/\/betonatort.fr\/wp-content\/uploads\/2017\/07\/DSC_0968-1024x678.jpg 1024w\" sizes=\"auto, (max-width: 300px) 100vw, 300px\" \/><\/a><strong>1\u00a0\u00a0\u00a0\u00a0\u00a0\u00a0\u00a0\u00a0\u00a0\u00a0\u00a0\u00a0\u00a0\u00a0\u00a0\u00a0\u00a0\u00a0\u00a0\u00a0\u00a0\u00a0\u00a0\u00a0\u00a0\u00a0\u00a0\u00a0\u00a0\u00a0\u00a0\u00a0\u00a0\u00a0\u00a0\u00a0\u00a0\u00a0\u00a0\u00a0\u00a0\u00a0\u00a0\u00a0\u00a0\u00a0\u00a0\u00a0\u00a0\u00a0\u00a0\u00a0\u00a0\u00a0\u00a0\u00a0\u00a0\u00a0\u00a0\u00a0\u00a0\u00a0\u00a0\u00a0\u00a0\u00a0\u00a0\u00a0\u00a0\u00a0\u00a0\u00a0\u00a0\u00a0\u00a0\u00a0\u00a0\u00a0\u00a0\u00a0\u00a0 2 \u00a0\u00a0\u00a0 <\/strong><\/p>\n<p><a href=\"http:\/\/betonatort.fr\/wp-content\/uploads\/2017\/07\/DSC_0128.jpg\"><img loading=\"lazy\" decoding=\"async\" class=\"alignnone wp-image-183 size-medium\" src=\"http:\/\/betonatort.fr\/wp-content\/uploads\/2017\/07\/DSC_0128-300x199.jpg\" alt=\"\" width=\"300\" height=\"199\" srcset=\"https:\/\/betonatort.fr\/wp-content\/uploads\/2017\/07\/DSC_0128-300x199.jpg 300w, https:\/\/betonatort.fr\/wp-content\/uploads\/2017\/07\/DSC_0128-768x509.jpg 768w, https:\/\/betonatort.fr\/wp-content\/uploads\/2017\/07\/DSC_0128-1024x678.jpg 1024w\" sizes=\"auto, (max-width: 300px) 100vw, 300px\" \/><\/a> <a href=\"http:\/\/betonatort.fr\/wp-content\/uploads\/2017\/07\/DSC_0141.jpg\"><img loading=\"lazy\" decoding=\"async\" class=\"wp-image-184 size-medium alignnone\" src=\"http:\/\/betonatort.fr\/wp-content\/uploads\/2017\/07\/DSC_0141-300x199.jpg\" alt=\"\" width=\"300\" height=\"199\" srcset=\"https:\/\/betonatort.fr\/wp-content\/uploads\/2017\/07\/DSC_0141-300x199.jpg 300w, https:\/\/betonatort.fr\/wp-content\/uploads\/2017\/07\/DSC_0141-768x509.jpg 768w, https:\/\/betonatort.fr\/wp-content\/uploads\/2017\/07\/DSC_0141-1024x678.jpg 1024w\" sizes=\"auto, (max-width: 300px) 100vw, 300px\" \/><\/a><a href=\"http:\/\/betonatort.fr\/wp-content\/uploads\/2017\/07\/DSC_0125.jpg\"><img loading=\"lazy\" decoding=\"async\" class=\"alignnone wp-image-186 size-medium\" src=\"http:\/\/betonatort.fr\/wp-content\/uploads\/2017\/07\/DSC_0125-300x199.jpg\" alt=\"\" width=\"300\" height=\"199\" srcset=\"https:\/\/betonatort.fr\/wp-content\/uploads\/2017\/07\/DSC_0125-300x199.jpg 300w, https:\/\/betonatort.fr\/wp-content\/uploads\/2017\/07\/DSC_0125-768x509.jpg 768w, https:\/\/betonatort.fr\/wp-content\/uploads\/2017\/07\/DSC_0125-1024x678.jpg 1024w\" sizes=\"auto, (max-width: 300px) 100vw, 300px\" \/><\/a>\u00a0 <a href=\"http:\/\/betonatort.fr\/wp-content\/uploads\/2017\/07\/DSC_0123.jpg\"><img loading=\"lazy\" decoding=\"async\" class=\"alignnone wp-image-188 size-medium\" src=\"http:\/\/betonatort.fr\/wp-content\/uploads\/2017\/07\/DSC_0123-300x199.jpg\" alt=\"\" width=\"300\" height=\"199\" srcset=\"https:\/\/betonatort.fr\/wp-content\/uploads\/2017\/07\/DSC_0123-300x199.jpg 300w, https:\/\/betonatort.fr\/wp-content\/uploads\/2017\/07\/DSC_0123-768x509.jpg 768w, https:\/\/betonatort.fr\/wp-content\/uploads\/2017\/07\/DSC_0123-1024x678.jpg 1024w\" sizes=\"auto, (max-width: 300px) 100vw, 300px\" \/><\/a> <a href=\"http:\/\/betonatort.fr\/wp-content\/uploads\/2017\/07\/DSC_0121.jpg\"><img loading=\"lazy\" decoding=\"async\" class=\"alignnone wp-image-189 size-medium\" src=\"http:\/\/betonatort.fr\/wp-content\/uploads\/2017\/07\/DSC_0121-300x199.jpg\" alt=\"\" width=\"300\" height=\"199\" srcset=\"https:\/\/betonatort.fr\/wp-content\/uploads\/2017\/07\/DSC_0121-300x199.jpg 300w, https:\/\/betonatort.fr\/wp-content\/uploads\/2017\/07\/DSC_0121-768x509.jpg 768w, https:\/\/betonatort.fr\/wp-content\/uploads\/2017\/07\/DSC_0121-1024x678.jpg 1024w\" sizes=\"auto, (max-width: 300px) 100vw, 300px\" \/><\/a> \u00a0 \u00a0 \u00a0 \u00a0\u00a0 <a href=\"http:\/\/betonatort.fr\/wp-content\/uploads\/2017\/07\/DSC_0119.jpg\"><img loading=\"lazy\" decoding=\"async\" class=\"alignnone wp-image-190 size-medium\" src=\"http:\/\/betonatort.fr\/wp-content\/uploads\/2017\/07\/DSC_0119-300x199.jpg\" alt=\"\" width=\"300\" height=\"199\" srcset=\"https:\/\/betonatort.fr\/wp-content\/uploads\/2017\/07\/DSC_0119-300x199.jpg 300w, https:\/\/betonatort.fr\/wp-content\/uploads\/2017\/07\/DSC_0119-768x509.jpg 768w, https:\/\/betonatort.fr\/wp-content\/uploads\/2017\/07\/DSC_0119-1024x678.jpg 1024w\" sizes=\"auto, (max-width: 300px) 100vw, 300px\" \/><\/a><\/p>\n<h4><strong>Le sentier v\u00e9g\u00e9talis\u00e9 derri\u00e8re l&rsquo;\u00e9glise Saint-L\u00e9onard :<\/strong><\/h4>\n<p><em>Lui aussi en grand p\u00e9ril. Le projet pr\u00e9voit son \u00e9limination pure et simple.<\/em><\/p>\n<p><a href=\"http:\/\/betonatort.fr\/wp-content\/uploads\/2017\/07\/DSC_0112-1.jpg\"><img loading=\"lazy\" decoding=\"async\" class=\"alignnone wp-image-194 size-medium\" src=\"http:\/\/betonatort.fr\/wp-content\/uploads\/2017\/07\/DSC_0112-1-300x199.jpg\" alt=\"\" width=\"300\" height=\"199\" srcset=\"https:\/\/betonatort.fr\/wp-content\/uploads\/2017\/07\/DSC_0112-1-300x199.jpg 300w, https:\/\/betonatort.fr\/wp-content\/uploads\/2017\/07\/DSC_0112-1-768x509.jpg 768w, https:\/\/betonatort.fr\/wp-content\/uploads\/2017\/07\/DSC_0112-1-1024x678.jpg 1024w\" sizes=\"auto, (max-width: 300px) 100vw, 300px\" \/><\/a><a href=\"http:\/\/betonatort.fr\/wp-content\/uploads\/2017\/07\/DSC_0115.jpg\"><img loading=\"lazy\" decoding=\"async\" class=\"alignnone wp-image-193 size-medium\" src=\"http:\/\/betonatort.fr\/wp-content\/uploads\/2017\/07\/DSC_0115-300x199.jpg\" alt=\"\" width=\"300\" height=\"199\" srcset=\"https:\/\/betonatort.fr\/wp-content\/uploads\/2017\/07\/DSC_0115-300x199.jpg 300w, https:\/\/betonatort.fr\/wp-content\/uploads\/2017\/07\/DSC_0115-768x509.jpg 768w, https:\/\/betonatort.fr\/wp-content\/uploads\/2017\/07\/DSC_0115-1024x678.jpg 1024w\" sizes=\"auto, (max-width: 300px) 100vw, 300px\" \/><\/a><a href=\"http:\/\/betonatort.fr\/wp-content\/uploads\/2017\/07\/DSC_0116.jpg\"><img loading=\"lazy\" decoding=\"async\" class=\"alignnone wp-image-192 size-medium\" src=\"http:\/\/betonatort.fr\/wp-content\/uploads\/2017\/07\/DSC_0116-300x199.jpg\" alt=\"\" width=\"300\" height=\"199\" srcset=\"https:\/\/betonatort.fr\/wp-content\/uploads\/2017\/07\/DSC_0116-300x199.jpg 300w, https:\/\/betonatort.fr\/wp-content\/uploads\/2017\/07\/DSC_0116-768x509.jpg 768w, https:\/\/betonatort.fr\/wp-content\/uploads\/2017\/07\/DSC_0116-1024x678.jpg 1024w\" sizes=\"auto, (max-width: 300px) 100vw, 300px\" \/><\/a><a href=\"http:\/\/betonatort.fr\/wp-content\/uploads\/2017\/07\/DSC_0117.jpg\"><img loading=\"lazy\" decoding=\"async\" class=\"alignnone wp-image-191 size-medium\" src=\"http:\/\/betonatort.fr\/wp-content\/uploads\/2017\/07\/DSC_0117-300x199.jpg\" alt=\"\" width=\"300\" height=\"199\" srcset=\"https:\/\/betonatort.fr\/wp-content\/uploads\/2017\/07\/DSC_0117-300x199.jpg 300w, https:\/\/betonatort.fr\/wp-content\/uploads\/2017\/07\/DSC_0117-768x509.jpg 768w, https:\/\/betonatort.fr\/wp-content\/uploads\/2017\/07\/DSC_0117-1024x678.jpg 1024w\" sizes=\"auto, (max-width: 300px) 100vw, 300px\" \/><\/a><\/p>\n","protected":false},"excerpt":{"rendered":"<p>La rue Watel : Tous les arbres de cette rue, visibles sur ces images, seraient amen\u00e9s \u00e0 dispara\u00eetre avec l&rsquo;av\u00e8nement du projet de centre ville. La rue serait rehauss\u00e9e et tout le relief du coteau dispara\u00eetrait au profit d&rsquo;une place &hellip; <a href=\"https:\/\/betonatort.fr\/index.php\/perspective-rue-watel\/\">Continuer la lecture <span class=\"meta-nav\">&rarr;<\/span><\/a><\/p>\n","protected":false},"author":1,"featured_media":0,"parent":0,"menu_order":0,"comment_status":"closed","ping_status":"closed","template":"","meta":{"_kadence_starter_templates_imported_post":false,"footnotes":""},"class_list":["post-35","page","type-page","status-publish","hentry"],"_links":{"self":[{"href":"https:\/\/betonatort.fr\/index.php\/wp-json\/wp\/v2\/pages\/35","targetHints":{"allow":["GET"]}}],"collection":[{"href":"https:\/\/betonatort.fr\/index.php\/wp-json\/wp\/v2\/pages"}],"about":[{"href":"https:\/\/betonatort.fr\/index.php\/wp-json\/wp\/v2\/types\/page"}],"author":[{"embeddable":true,"href":"https:\/\/betonatort.fr\/index.php\/wp-json\/wp\/v2\/users\/1"}],"replies":[{"embeddable":true,"href":"https:\/\/betonatort.fr\/index.php\/wp-json\/wp\/v2\/comments?post=35"}],"version-history":[{"count":12,"href":"https:\/\/betonatort.fr\/index.php\/wp-json\/wp\/v2\/pages\/35\/revisions"}],"predecessor-version":[{"id":492,"href":"https:\/\/betonatort.fr\/index.php\/wp-json\/wp\/v2\/pages\/35\/revisions\/492"}],"wp:attachment":[{"href":"https:\/\/betonatort.fr\/index.php\/wp-json\/wp\/v2\/media?parent=35"}],"curies":[{"name":"wp","href":"https:\/\/api.w.org\/{rel}","templated":true}]}}