{"id":31,"date":"2017-07-29T17:19:07","date_gmt":"2017-07-29T15:19:07","guid":{"rendered":"http:\/\/betonatort.fr\/?page_id=31"},"modified":"2018-01-23T16:36:45","modified_gmt":"2018-01-23T15:36:45","slug":"perspective-rue-bourgeot","status":"publish","type":"page","link":"https:\/\/betonatort.fr\/index.php\/perspective-rue-bourgeot\/","title":{"rendered":"Perspective rue Bourgeot"},"content":{"rendered":"<h4><strong>La rue Bourgeot est une voie pi\u00e9tonne, d\u00e9serte la plupart du temps (y compris au niveau des commerces). Elle d\u00e9montre l&rsquo;absence de r\u00e9flexion en amont et l&rsquo;\u00e9chec de l&rsquo;urbanisation :<\/strong><\/h4>\n<p><a href=\"http:\/\/betonatort.fr\/wp-content\/uploads\/2017\/07\/Rue-Bourgeot-2.jpg\"><img loading=\"lazy\" decoding=\"async\" class=\"alignnone wp-image-199 size-medium\" title=\"Rue Bourgeot\" src=\"http:\/\/betonatort.fr\/wp-content\/uploads\/2017\/07\/Rue-Bourgeot-2-300x275.jpg\" alt=\"\" width=\"300\" height=\"275\" srcset=\"https:\/\/betonatort.fr\/wp-content\/uploads\/2017\/07\/Rue-Bourgeot-2-300x275.jpg 300w, https:\/\/betonatort.fr\/wp-content\/uploads\/2017\/07\/Rue-Bourgeot-2-768x703.jpg 768w, https:\/\/betonatort.fr\/wp-content\/uploads\/2017\/07\/Rue-Bourgeot-2-1024x938.jpg 1024w\" sizes=\"auto, (max-width: 300px) 100vw, 300px\" \/><\/a>\u00a0<a href=\"http:\/\/betonatort.fr\/wp-content\/uploads\/2017\/07\/DSC_0079.jpg\"><img loading=\"lazy\" decoding=\"async\" class=\"alignnone wp-image-198 size-medium\" src=\"http:\/\/betonatort.fr\/wp-content\/uploads\/2017\/07\/DSC_0079-300x199.jpg\" alt=\"\" width=\"300\" height=\"199\" srcset=\"https:\/\/betonatort.fr\/wp-content\/uploads\/2017\/07\/DSC_0079-300x199.jpg 300w, https:\/\/betonatort.fr\/wp-content\/uploads\/2017\/07\/DSC_0079-768x509.jpg 768w, https:\/\/betonatort.fr\/wp-content\/uploads\/2017\/07\/DSC_0079-1024x678.jpg 1024w\" sizes=\"auto, (max-width: 300px) 100vw, 300px\" \/><\/a><strong><br \/>\n1\u00a0\u00a0\u00a0\u00a0\u00a0\u00a0\u00a0\u00a0\u00a0\u00a0\u00a0\u00a0\u00a0\u00a0\u00a0\u00a0\u00a0\u00a0\u00a0\u00a0\u00a0\u00a0\u00a0\u00a0\u00a0\u00a0\u00a0\u00a0\u00a0\u00a0\u00a0\u00a0\u00a0\u00a0\u00a0\u00a0\u00a0\u00a0\u00a0\u00a0\u00a0\u00a0\u00a0\u00a0\u00a0\u00a0\u00a0\u00a0\u00a0\u00a0\u00a0\u00a0\u00a0\u00a0\u00a0\u00a0\u00a0\u00a0\u00a0\u00a0\u00a0\u00a0\u00a0\u00a0\u00a0\u00a0\u00a0\u00a0\u00a0\u00a0\u00a0 2<\/strong><\/p>\n<p><em>L&rsquo;immeuble neuf (photo n\u00b02) achev\u00e9 depuis au moins deux ans n&rsquo;a toujours pas trouv\u00e9 preneur, de m\u00eame que son local commercial. Pourquoi ?<\/em><\/p>\n<p><img loading=\"lazy\" decoding=\"async\" class=\"wp-image-120 size-medium alignnone\" title=\"Vue sur la poste et les arbres de la rue Watel\" src=\"http:\/\/betonatort.fr\/wp-content\/uploads\/2017\/07\/rue-bourgeot-1-300x199.jpg\" alt=\"\" width=\"300\" height=\"199\" srcset=\"https:\/\/betonatort.fr\/wp-content\/uploads\/2017\/07\/rue-bourgeot-1-300x199.jpg 300w, https:\/\/betonatort.fr\/wp-content\/uploads\/2017\/07\/rue-bourgeot-1-768x509.jpg 768w, https:\/\/betonatort.fr\/wp-content\/uploads\/2017\/07\/rue-bourgeot-1-1024x678.jpg 1024w\" sizes=\"auto, (max-width: 300px) 100vw, 300px\" \/><\/p>\n<p><em><strong>3<\/strong> &#8211; Le seul int\u00e9r\u00eat de cette rue aujourd&rsquo;hui \u00e9troite et tr\u00e8s b\u00e9tonn\u00e9e est qu&rsquo;elle d\u00e9bouche sur un paysage de verdure, annon\u00e7ant la Roseraie. Il suffirait d&rsquo;ouvrir compl\u00e8tement la perspective pour rattraper les d\u00e9g\u00e2ts de l&rsquo;urbanisation ant\u00e9rieure et donner envie de s&rsquo;y promener.<br \/>\n<\/em><\/p>\n<p>&nbsp;<\/p>\n<p>&nbsp;<\/p>\n","protected":false},"excerpt":{"rendered":"<p>La rue Bourgeot est une voie pi\u00e9tonne, d\u00e9serte la plupart du temps (y compris au niveau des commerces). Elle d\u00e9montre l&rsquo;absence de r\u00e9flexion en amont et l&rsquo;\u00e9chec de l&rsquo;urbanisation : \u00a0 1\u00a0\u00a0\u00a0\u00a0\u00a0\u00a0\u00a0\u00a0\u00a0\u00a0\u00a0\u00a0\u00a0\u00a0\u00a0\u00a0\u00a0\u00a0\u00a0\u00a0\u00a0\u00a0\u00a0\u00a0\u00a0\u00a0\u00a0\u00a0\u00a0\u00a0\u00a0\u00a0\u00a0\u00a0\u00a0\u00a0\u00a0\u00a0\u00a0\u00a0\u00a0\u00a0\u00a0\u00a0\u00a0\u00a0\u00a0\u00a0\u00a0\u00a0\u00a0\u00a0\u00a0\u00a0\u00a0\u00a0\u00a0\u00a0\u00a0\u00a0\u00a0\u00a0\u00a0\u00a0\u00a0\u00a0\u00a0\u00a0\u00a0\u00a0\u00a0 2 L&rsquo;immeuble neuf (photo n\u00b02) achev\u00e9 depuis au &hellip; <a href=\"https:\/\/betonatort.fr\/index.php\/perspective-rue-bourgeot\/\">Continuer la lecture <span class=\"meta-nav\">&rarr;<\/span><\/a><\/p>\n","protected":false},"author":1,"featured_media":0,"parent":0,"menu_order":0,"comment_status":"closed","ping_status":"closed","template":"","meta":{"_kadence_starter_templates_imported_post":false,"footnotes":""},"class_list":["post-31","page","type-page","status-publish","hentry"],"_links":{"self":[{"href":"https:\/\/betonatort.fr\/index.php\/wp-json\/wp\/v2\/pages\/31","targetHints":{"allow":["GET"]}}],"collection":[{"href":"https:\/\/betonatort.fr\/index.php\/wp-json\/wp\/v2\/pages"}],"about":[{"href":"https:\/\/betonatort.fr\/index.php\/wp-json\/wp\/v2\/types\/page"}],"author":[{"embeddable":true,"href":"https:\/\/betonatort.fr\/index.php\/wp-json\/wp\/v2\/users\/1"}],"replies":[{"embeddable":true,"href":"https:\/\/betonatort.fr\/index.php\/wp-json\/wp\/v2\/comments?post=31"}],"version-history":[{"count":11,"href":"https:\/\/betonatort.fr\/index.php\/wp-json\/wp\/v2\/pages\/31\/revisions"}],"predecessor-version":[{"id":739,"href":"https:\/\/betonatort.fr\/index.php\/wp-json\/wp\/v2\/pages\/31\/revisions\/739"}],"wp:attachment":[{"href":"https:\/\/betonatort.fr\/index.php\/wp-json\/wp\/v2\/media?parent=31"}],"curies":[{"name":"wp","href":"https:\/\/api.w.org\/{rel}","templated":true}]}}