{"id":23,"date":"2017-07-29T17:11:11","date_gmt":"2017-07-29T15:11:11","guid":{"rendered":"http:\/\/betonatort.fr\/?page_id=23"},"modified":"2018-01-23T16:32:01","modified_gmt":"2018-01-23T15:32:01","slug":"la-lecon-de-perspective","status":"publish","type":"page","link":"https:\/\/betonatort.fr\/index.php\/la-lecon-de-perspective\/","title":{"rendered":"La le\u00e7on de perspective"},"content":{"rendered":"<p><span style=\"color: #0000ff;\"><span style=\"font-family: Comic Sans MS;\"><span style=\"font-size: large;\">\u00a0\u00a0\u00a0\u00a0\u00a0\u00a0\u00a0\u00a0\u00a0\u00a0\u00a0\u00a0\u00a0\u00a0\u00a0\u00a0\u00a0\u00a0\u00a0\u00a0\u00a0\u00a0\u00a0\u00a0\u00a0\u00a0\u00a0\u00a0\u00a0\u00a0\u00a0\u00a0\u00a0\u00a0\u00a0\u00a0\u00a0\u00a0\u00a0\u00a0\u00a0\u00a0\u00a0\u00a0\u00a0\u00a0\u00a0\u00a0\u00a0 Le\u00e7on de perspective ( Tango ) : <\/span><\/span><\/span><\/p>\n<p>L&rsquo;Atelier du Nouveau-Monde, op\u00e9ra de Julien Joubert, texte de Ga\u00ebl L\u00e9pingle<\/p>\n<p><span style=\"color: #0000ff;\"><span style=\"font-family: Comic Sans MS;\"><span style=\"font-size: large;\"><a href=\"https:\/\/youtu.be\/inpQg8crnOg\">https:\/\/youtu.be\/inpQg8crnOg<\/a><br \/>\n<\/span><\/span><\/span><\/p>\n<p style=\"text-align: center;\" align=\"CENTER\"><span style=\"font-size: small;\"><b>Refrain 1 :<\/b><\/span><\/p>\n<p style=\"text-align: center;\" align=\"CENTER\"><span style=\"font-size: small;\">\u00ab\u00a0Car c\u2019est la perspective qui nous captive<\/span><\/p>\n<p style=\"text-align: center;\" align=\"CENTER\"><span style=\"font-size: small;\">La perspectiv\u2019 qui nous dicte sa loi !<\/span><\/p>\n<p style=\"text-align: center;\" align=\"CENTER\"><span style=\"font-size: small;\">Oui c\u2019est la perspective qui nous captive<\/span><\/p>\n<p style=\"text-align: center;\" align=\"CENTER\"><span style=\"font-size: small;\">La perspectiv\u2019 qui nous ouvre les bras !<\/span><\/p>\n<p style=\"text-align: center;\" align=\"CENTER\"><span style=\"font-size: small;\"><b>Couplet 1 :<\/b><\/span><\/p>\n<p style=\"text-align: center;\" align=\"CENTER\"><span style=\"font-size: small;\">En gros et tout devant, il y\u2019 a le premier plan<\/span><\/p>\n<p style=\"text-align: center;\" align=\"CENTER\"><span style=\"font-size: small;\">Et progressivement diff\u00e9rents arri\u00e8r\u2019-plans<\/span><\/p>\n<p style=\"text-align: center;\" align=\"CENTER\"><span style=\"font-size: small;\">Le regard est perdu, le paysage est immense<\/span><\/p>\n<p style=\"text-align: center;\" align=\"CENTER\"><span style=\"font-size: small;\">Les formes diminuent en fonction de la distance !<\/span><\/p>\n<p style=\"text-align: center;\" align=\"CENTER\"><span style=\"font-size: small;\">Il faut savoir surtout cr\u00e9er une atmosph\u00e8re<\/span><\/p>\n<p style=\"text-align: center;\" align=\"CENTER\"><span style=\"font-size: small;\">En usant des atouts d\u2019une belle lumi\u00e8re<\/span><\/p>\n<p style=\"text-align: center;\" align=\"CENTER\"><span style=\"font-size: small;\">Il faut aussi varier les grosseurs et les tailles<\/span><\/p>\n<p style=\"text-align: center;\" align=\"CENTER\"><span style=\"font-size: small;\">Tout l\u00e0-bas, le clocher, et devant \u2026la bataille !<\/span><\/p>\n<p style=\"text-align: center;\" align=\"CENTER\"><span style=\"font-size: small;\"><b>Refrain 2 :<\/b><\/span><\/p>\n<p style=\"text-align: center;\" align=\"CENTER\"><span style=\"font-size: small;\">comme le refrain 1<\/span><\/p>\n<p style=\"text-align: center;\" align=\"CENTER\"><span style=\"font-size: small;\"><b>Couplet 2 :<\/b><\/span><\/p>\n<p style=\"text-align: center;\" align=\"CENTER\"><span style=\"font-size: small;\">Qui fait de nous des hommes ayant remplac\u00e9 Dieu<\/span><\/p>\n<p style=\"text-align: center;\" align=\"CENTER\"><span style=\"font-size: small;\">Et qui soudain nous somme d\u2019ouvrir tout grand les yeux<\/span><\/p>\n<p style=\"text-align: center;\" align=\"CENTER\"><span style=\"font-size: small;\">Le mon-de n\u2019est pas vu comme avant,par au-d\u2019ssus<\/span><\/p>\n<p style=\"text-align: center;\" align=\"CENTER\"><span style=\"font-size: small;\">Comme avant par les Dieux, l\u00e0-haut depuis les cieux<\/span><\/p>\n<p style=\"text-align: center;\" align=\"CENTER\"><span style=\"font-size: small;\">S\u2019il y a une perspective, s\u2019il y a une profondeur,<\/span><\/p>\n<p style=\"text-align: center;\" align=\"CENTER\"><span style=\"font-size: small;\">C\u2019est que devant l\u2019image il y a un spectateur<\/span><\/p>\n<p style=\"text-align: center;\" align=\"CENTER\"><span style=\"font-size: small;\">S\u2019il -y -a un chemin, pour guider le regard<\/span><\/p>\n<p style=\"text-align: center;\" align=\"CENTER\"><span style=\"font-size: small;\">C\u2019est bien qu\u2019un \u00eatre humain\u2026 est devant pour le voir<\/span><\/p>\n<p style=\"text-align: center;\" align=\"CENTER\"><span style=\"font-size: small;\"><b>Refrain 3 :<\/b><\/span><\/p>\n<p style=\"text-align: center;\" align=\"CENTER\"><span style=\"font-size: small;\">Car c\u2019est la perspective qui nous FAIT VIVRE<\/span><\/p>\n<p style=\"text-align: center;\" align=\"CENTER\"><span style=\"font-size: small;\">La perspectiv\u2019 qui FAIT DE NOUS DES ROIS !<\/span><\/p>\n<p style=\"text-align: center;\" align=\"CENTER\"><span style=\"font-size: small;\">Oui c\u2019est la perspective qui nous ENIVRE<\/span><\/p>\n<p style=\"text-align: center;\" align=\"CENTER\"><span style=\"font-size: small;\">DE RIVE EN RIVE\u2026..QUI CONDUIT NOS \u00c9MOIS !\u00a0\u00bb<\/span><\/p>\n","protected":false},"excerpt":{"rendered":"<p>\u00a0\u00a0\u00a0\u00a0\u00a0\u00a0\u00a0\u00a0\u00a0\u00a0\u00a0\u00a0\u00a0\u00a0\u00a0\u00a0\u00a0\u00a0\u00a0\u00a0\u00a0\u00a0\u00a0\u00a0\u00a0\u00a0\u00a0\u00a0\u00a0\u00a0\u00a0\u00a0\u00a0\u00a0\u00a0\u00a0\u00a0\u00a0\u00a0\u00a0\u00a0\u00a0\u00a0\u00a0\u00a0\u00a0\u00a0\u00a0\u00a0 Le\u00e7on de perspective ( Tango ) : L&rsquo;Atelier du Nouveau-Monde, op\u00e9ra de Julien Joubert, texte de Ga\u00ebl L\u00e9pingle https:\/\/youtu.be\/inpQg8crnOg Refrain 1 : \u00ab\u00a0Car c\u2019est la perspective qui nous captive La perspectiv\u2019 qui nous dicte sa loi ! Oui c\u2019est &hellip; <a href=\"https:\/\/betonatort.fr\/index.php\/la-lecon-de-perspective\/\">Continuer la lecture <span class=\"meta-nav\">&rarr;<\/span><\/a><\/p>\n","protected":false},"author":1,"featured_media":0,"parent":0,"menu_order":0,"comment_status":"closed","ping_status":"closed","template":"","meta":{"_kadence_starter_templates_imported_post":false,"footnotes":""},"class_list":["post-23","page","type-page","status-publish","hentry"],"_links":{"self":[{"href":"https:\/\/betonatort.fr\/index.php\/wp-json\/wp\/v2\/pages\/23","targetHints":{"allow":["GET"]}}],"collection":[{"href":"https:\/\/betonatort.fr\/index.php\/wp-json\/wp\/v2\/pages"}],"about":[{"href":"https:\/\/betonatort.fr\/index.php\/wp-json\/wp\/v2\/types\/page"}],"author":[{"embeddable":true,"href":"https:\/\/betonatort.fr\/index.php\/wp-json\/wp\/v2\/users\/1"}],"replies":[{"embeddable":true,"href":"https:\/\/betonatort.fr\/index.php\/wp-json\/wp\/v2\/comments?post=23"}],"version-history":[{"count":6,"href":"https:\/\/betonatort.fr\/index.php\/wp-json\/wp\/v2\/pages\/23\/revisions"}],"predecessor-version":[{"id":692,"href":"https:\/\/betonatort.fr\/index.php\/wp-json\/wp\/v2\/pages\/23\/revisions\/692"}],"wp:attachment":[{"href":"https:\/\/betonatort.fr\/index.php\/wp-json\/wp\/v2\/media?parent=23"}],"curies":[{"name":"wp","href":"https:\/\/api.w.org\/{rel}","templated":true}]}}