{"id":19,"date":"2017-07-29T17:09:03","date_gmt":"2017-07-29T15:09:03","guid":{"rendered":"http:\/\/betonatort.fr\/?page_id=19"},"modified":"2017-08-03T00:01:56","modified_gmt":"2017-08-02T22:01:56","slug":"un-site-patrimonial","status":"publish","type":"page","link":"https:\/\/betonatort.fr\/index.php\/un-site-patrimonial\/","title":{"rendered":"Un site patrimonial"},"content":{"rendered":"<p>&nbsp;<\/p>\n<p>A l&rsquo;origine, la rue Watel n&rsquo;existait pas et le Parc continuait jusqu&rsquo;aux actuels parkings qui conservent aujourd&rsquo;hui des arbres remarquables.<\/p>\n<p>Les b\u00e2timents \u00e0 l&rsquo;entr\u00e9e du parc de la Roseraie \u00e9taient compl\u00e9t\u00e9s par d&rsquo;autres \u00e9difices et formaient un ensemble coh\u00e9rent jusqu&rsquo;\u00e0 l&rsquo;\u00e9glise Saint-L\u00e9onard. Ces b\u00e2timents \u00e9taient les d\u00e9pendances de la maison de style Empire o\u00f9 habitait Jules Gravereaux, le cr\u00e9ateur de la Roseraie. Celle-ci est occup\u00e9e aujourd&rsquo;hui par le sous-pr\u00e9fet.<\/p>\n<p>La <a href=\"http:\/\/lesgravereaux.marret.co\/index.php\/la-roseraie-de-lhay\/\">petite fille de Jules Gravereaux<\/a> raconte :<\/p>\n<p>\u00ab\u00a0Il y a quelques ann\u00e9es, Raymond Gravereaux, architecte en chef des b\u00e2timents civils du d\u00e9partement de la Seine, apprit qu\u2019un projet de r\u00e9novation des b\u00e2timents attenants \u00e0 la roseraie de L\u2019Ha\u00ff \u00e9tait en cours. Bien que n\u2019appartenant pas au d\u00e9partement du Val-de-Marne, il demanda \u00e0 en \u00eatre charg\u00e9, disant que Jules Gravereaux \u00e9tait son grand-p\u00e8re. Sa demande fut exauc\u00e9e. En fait de r\u00e9novation, il fit abattre pas mal de b\u00e2timents, disant qu\u2019ils \u00e9taient en tr\u00e8s mauvais \u00e9tat et ne servaient plus \u00e0 rien. La maison normande, la cuisine ajout\u00e9e \u00e0 la grande maison (ce qui n\u2019est pas un mal), la maison habit\u00e9e autrefois par la famille Villeminot, les maisons des jardiniers, la buanderie, la villa L\u00e9onard, la serre, le poulailler, le chalet Lili, tous furent d\u00e9molis. Cela nous fut p\u00e9nible, mais il faut reconna\u00eetre que ce qui reste est en parfait \u00e9tat et que l\u2019ensemble est encore tr\u00e8s joli.\u00a0\u00bb<\/p>\n<p><a href=\"http:\/\/betonatort.fr\/wp-content\/uploads\/2008\/09\/plan-1935.jpg\"><img loading=\"lazy\" decoding=\"async\" class=\"wp-image-362 size-medium alignnone\" title=\"Cliquer pour agrandir\" src=\"http:\/\/betonatort.fr\/wp-content\/uploads\/2008\/09\/plan-1935-300x199.jpg\" alt=\"plan 1935\" width=\"300\" height=\"199\" \/><br \/>\n<\/a><strong>Plan de l&rsquo;Ha\u00ff en 1935<\/strong><\/p>\n<p><strong>L&rsquo;ancienne parcelle du parc devenu parking conserve des pelouses et de nombreux arbres, visibles depuis la Roseraie :<\/strong><\/p>\n<p><a href=\"http:\/\/betonatort.fr\/wp-content\/uploads\/2008\/09\/DSC_0168.jpg\"><img loading=\"lazy\" decoding=\"async\" class=\"alignnone size-medium wp-image-369\" src=\"http:\/\/betonatort.fr\/wp-content\/uploads\/2008\/09\/DSC_0168-300x199.jpg\" alt=\"DSC_0168\" width=\"300\" height=\"199\" \/><\/a> <a href=\"http:\/\/betonatort.fr\/wp-content\/uploads\/2008\/09\/DSC_0164.jpg\"><img loading=\"lazy\" decoding=\"async\" class=\"alignnone size-medium wp-image-370\" src=\"http:\/\/betonatort.fr\/wp-content\/uploads\/2008\/09\/DSC_0164-300x199.jpg\" alt=\"DSC_0164\" width=\"300\" height=\"199\" \/><\/a>\u00a0\u00a0\u00a0\u00a0\u00a0\u00a0\u00a0\u00a0 \u00a0 <img loading=\"lazy\" decoding=\"async\" class=\"alignnone size-medium wp-image-390\" src=\"http:\/\/betonatort.fr\/wp-content\/uploads\/2008\/09\/arbre-remarquable-199x300.jpg\" alt=\"arbre remarquable\" width=\"199\" height=\"300\" \/> <a href=\"http:\/\/betonatort.fr\/wp-content\/uploads\/2008\/09\/DSC_0157.jpg\"><img loading=\"lazy\" decoding=\"async\" class=\"alignnone size-medium wp-image-371\" src=\"http:\/\/betonatort.fr\/wp-content\/uploads\/2008\/09\/DSC_0157-300x199.jpg\" alt=\"DSC_0157\" width=\"300\" height=\"199\" \/><\/a> <a href=\"http:\/\/betonatort.fr\/wp-content\/uploads\/2008\/09\/DSC_0153.jpg\"><img loading=\"lazy\" decoding=\"async\" class=\"alignnone size-medium wp-image-372\" src=\"http:\/\/betonatort.fr\/wp-content\/uploads\/2008\/09\/DSC_0153-300x199.jpg\" alt=\"DSC_0153\" width=\"300\" height=\"199\" \/><\/a> <a href=\"http:\/\/betonatort.fr\/wp-content\/uploads\/2008\/09\/DSC_0151.jpg\"><img loading=\"lazy\" decoding=\"async\" class=\"alignnone size-medium wp-image-373\" src=\"http:\/\/betonatort.fr\/wp-content\/uploads\/2008\/09\/DSC_0151-300x199.jpg\" alt=\"DSC_0151\" width=\"300\" height=\"199\" \/><\/a> <a href=\"http:\/\/betonatort.fr\/wp-content\/uploads\/2008\/09\/DSC_0149.jpg\"><img loading=\"lazy\" decoding=\"async\" class=\"alignnone size-medium wp-image-374\" src=\"http:\/\/betonatort.fr\/wp-content\/uploads\/2008\/09\/DSC_0149-300x199.jpg\" alt=\"DSC_0149\" width=\"300\" height=\"199\" \/><\/a> <a href=\"http:\/\/betonatort.fr\/wp-content\/uploads\/2008\/09\/DSC_0144.jpg\"><img loading=\"lazy\" decoding=\"async\" class=\"alignnone size-medium wp-image-375\" src=\"http:\/\/betonatort.fr\/wp-content\/uploads\/2008\/09\/DSC_0144-300x199.jpg\" alt=\"DSC_0144\" width=\"300\" height=\"199\" \/><\/a> <a href=\"http:\/\/betonatort.fr\/wp-content\/uploads\/2008\/09\/DSC_0143.jpg\"><img loading=\"lazy\" decoding=\"async\" class=\"alignnone size-medium wp-image-376\" src=\"http:\/\/betonatort.fr\/wp-content\/uploads\/2008\/09\/DSC_0143-300x199.jpg\" alt=\"DSC_0143\" width=\"300\" height=\"199\" \/><\/a> <a href=\"http:\/\/betonatort.fr\/wp-content\/uploads\/2008\/09\/DSC_0141-2.jpg\"><img loading=\"lazy\" decoding=\"async\" class=\"alignnone size-medium wp-image-377\" src=\"http:\/\/betonatort.fr\/wp-content\/uploads\/2008\/09\/DSC_0141-2-300x199.jpg\" alt=\"DSC_0141 (2)\" width=\"300\" height=\"199\" \/><\/a> <a href=\"http:\/\/betonatort.fr\/wp-content\/uploads\/2008\/09\/DSC_0138.jpg\"><img loading=\"lazy\" decoding=\"async\" class=\"alignnone size-medium wp-image-378\" src=\"http:\/\/betonatort.fr\/wp-content\/uploads\/2008\/09\/DSC_0138-300x199.jpg\" alt=\"DSC_0138\" width=\"300\" height=\"199\" \/><\/a> <a href=\"http:\/\/betonatort.fr\/wp-content\/uploads\/2008\/09\/DSC_0133.jpg\"><img loading=\"lazy\" decoding=\"async\" class=\"alignnone size-medium wp-image-379\" src=\"http:\/\/betonatort.fr\/wp-content\/uploads\/2008\/09\/DSC_0133-300x199.jpg\" alt=\"DSC_0133\" width=\"300\" height=\"199\" \/><\/a><img loading=\"lazy\" decoding=\"async\" class=\"alignnone size-medium wp-image-380\" src=\"http:\/\/betonatort.fr\/wp-content\/uploads\/2008\/09\/DSC_0131-300x199.jpg\" alt=\"DSC_0131\" width=\"300\" height=\"199\" \/> \u00a0 \u00a0 \u00a0 \u00a0\u00a0 <a href=\"http:\/\/betonatort.fr\/wp-content\/uploads\/2008\/09\/DSC_0127.jpg\"><img loading=\"lazy\" decoding=\"async\" class=\"alignnone size-medium wp-image-381\" src=\"http:\/\/betonatort.fr\/wp-content\/uploads\/2008\/09\/DSC_0127-300x199.jpg\" alt=\"DSC_0127\" width=\"300\" height=\"199\" \/><\/a><\/p>\n","protected":false},"excerpt":{"rendered":"<p>&nbsp; A l&rsquo;origine, la rue Watel n&rsquo;existait pas et le Parc continuait jusqu&rsquo;aux actuels parkings qui conservent aujourd&rsquo;hui des arbres remarquables. Les b\u00e2timents \u00e0 l&rsquo;entr\u00e9e du parc de la Roseraie \u00e9taient compl\u00e9t\u00e9s par d&rsquo;autres \u00e9difices et formaient un ensemble coh\u00e9rent &hellip; <a href=\"https:\/\/betonatort.fr\/index.php\/un-site-patrimonial\/\">Continuer la lecture <span class=\"meta-nav\">&rarr;<\/span><\/a><\/p>\n","protected":false},"author":1,"featured_media":0,"parent":0,"menu_order":0,"comment_status":"closed","ping_status":"closed","template":"","meta":{"_kadence_starter_templates_imported_post":false,"footnotes":""},"class_list":["post-19","page","type-page","status-publish","hentry"],"_links":{"self":[{"href":"https:\/\/betonatort.fr\/index.php\/wp-json\/wp\/v2\/pages\/19","targetHints":{"allow":["GET"]}}],"collection":[{"href":"https:\/\/betonatort.fr\/index.php\/wp-json\/wp\/v2\/pages"}],"about":[{"href":"https:\/\/betonatort.fr\/index.php\/wp-json\/wp\/v2\/types\/page"}],"author":[{"embeddable":true,"href":"https:\/\/betonatort.fr\/index.php\/wp-json\/wp\/v2\/users\/1"}],"replies":[{"embeddable":true,"href":"https:\/\/betonatort.fr\/index.php\/wp-json\/wp\/v2\/comments?post=19"}],"version-history":[{"count":12,"href":"https:\/\/betonatort.fr\/index.php\/wp-json\/wp\/v2\/pages\/19\/revisions"}],"predecessor-version":[{"id":306,"href":"https:\/\/betonatort.fr\/index.php\/wp-json\/wp\/v2\/pages\/19\/revisions\/306"}],"wp:attachment":[{"href":"https:\/\/betonatort.fr\/index.php\/wp-json\/wp\/v2\/media?parent=19"}],"curies":[{"name":"wp","href":"https:\/\/api.w.org\/{rel}","templated":true}]}}