{"id":10,"date":"2017-07-29T16:58:24","date_gmt":"2017-07-29T14:58:24","guid":{"rendered":"http:\/\/betonatort.fr\/?page_id=10"},"modified":"2018-12-03T15:24:35","modified_gmt":"2018-12-03T14:24:35","slug":"agir","status":"publish","type":"page","link":"https:\/\/betonatort.fr\/index.php\/agir\/","title":{"rendered":"Agir"},"content":{"rendered":"<p>&nbsp;<\/p>\n<p><strong>30 Nov 2018 : nouvelle p\u00e9tition \u00e0 l&rsquo;initiative du collectif d&rsquo;associations et de citoyens de l\u2019Ha\u00ff-les-Roses <\/strong><strong>constitu\u00e9 pour stopper le projet d\u00e9mesur\u00e9 de la municipalit\u00e9 : <\/strong><a href=\"https:\/\/www.mesopinions.com\/petition\/nature-environnement\/roseraie-hay-roses-danger\/53347\">NOUVELLE PETITION TOUCHE PAS MA ROSERAIE<\/a><\/p>\n<p>1) Prendre connaissance du projet de centre ville et en parler autour de soi.\u00a0 Imprimer les flyers <a href=\"http:\/\/betonatort.fr\/wp-content\/uploads\/2017\/07\/STOP-au-b\u00e9tonnage.pdf\">STOP au b\u00e9tonnage<\/a>\/ faire conna\u00eetre l&rsquo;adresse du site.<\/p>\n<p>2) Ne pas h\u00e9siter \u00e0 demander \u00e0 la mairie tous les documents n\u00e9cessaires \u00e0 la compr\u00e9hension du projet : concertation, \u00e9tudes men\u00e9es, appels d&rsquo;offres, contrats pass\u00e9s&#8230; La r\u00e9glementation oblige les administrations \u00e0 communiquer tous ces documents aux citoyens. En cas de refus, une demande \u00e9crite et envoy\u00e9e en recommand\u00e9 permet au bout d&rsquo;un mois de saisir la <a href=\"http:\/\/www.cada.fr\/\">Commission d&rsquo;acc\u00e8s aux documents administratifs <\/a>(CADA).<\/p>\n<p>3) Envoyer ses id\u00e9es \u00e0 l&rsquo;adresse suivante : <a href=\"mailto:betonatort@gmail.com\">betonatort@gmail.com<\/a><br \/>\nUn minimum de 10 \u00e0 15 lignes, de mani\u00e8re \u00e0 d\u00e9velopper un point de vue. Nous publierons toutes les id\u00e9es argument\u00e9es.<\/p>\n<p>4) Suivre l&rsquo;actualit\u00e9 du projet, rester en contact avec les associations environnementales (voir <a href=\"http:\/\/betonatort.fr\/index.php\/liens\/\">liens<\/a>). Il est aussi possible de <a href=\"https:\/\/secure.avaaz.org\/fr\/petition\/Monsieur_le_Maire_de_LHaylesRoses_lancez_un_concours_pour_la_place_de_la_Roseraie\/?launch\">signer la p\u00e9tition<\/a> qui circule mise en ligne par l&rsquo;atelier local d&rsquo;urbanisme Aludhay. Pour notre part, apr\u00e8s avoir longuement r\u00e9fl\u00e9chi, nous pensons qu&rsquo; une Roseraie ne se con\u00e7oit pas sans son \u00e9crin de verdure. C&rsquo;est sa meilleure mise en valeur. La Roseraie de l\u2019Ha\u00ff-les-Roses n&rsquo;est pas n&rsquo;importe quelle Roseraie. La vue sur l&rsquo;\u00e9glise ancienne n&rsquo;est pas non plus le fait du hasard.<\/p>\n<p>5) Interpeller ses \u00e9lus (d\u00e9partement, r\u00e9gion, commune, d\u00e9put\u00e9s, s\u00e9nateurs &#8230;).<\/p>\n","protected":false},"excerpt":{"rendered":"<p>&nbsp; 30 Nov 2018 : nouvelle p\u00e9tition \u00e0 l&rsquo;initiative du collectif d&rsquo;associations et de citoyens de l\u2019Ha\u00ff-les-Roses constitu\u00e9 pour stopper le projet d\u00e9mesur\u00e9 de la municipalit\u00e9 : NOUVELLE PETITION TOUCHE PAS MA ROSERAIE 1) Prendre connaissance du projet de centre &hellip; <a href=\"https:\/\/betonatort.fr\/index.php\/agir\/\">Continuer la lecture <span class=\"meta-nav\">&rarr;<\/span><\/a><\/p>\n","protected":false},"author":1,"featured_media":0,"parent":0,"menu_order":0,"comment_status":"closed","ping_status":"closed","template":"","meta":{"_kadence_starter_templates_imported_post":false,"footnotes":""},"class_list":["post-10","page","type-page","status-publish","hentry"],"_links":{"self":[{"href":"https:\/\/betonatort.fr\/index.php\/wp-json\/wp\/v2\/pages\/10","targetHints":{"allow":["GET"]}}],"collection":[{"href":"https:\/\/betonatort.fr\/index.php\/wp-json\/wp\/v2\/pages"}],"about":[{"href":"https:\/\/betonatort.fr\/index.php\/wp-json\/wp\/v2\/types\/page"}],"author":[{"embeddable":true,"href":"https:\/\/betonatort.fr\/index.php\/wp-json\/wp\/v2\/users\/1"}],"replies":[{"embeddable":true,"href":"https:\/\/betonatort.fr\/index.php\/wp-json\/wp\/v2\/comments?post=10"}],"version-history":[{"count":25,"href":"https:\/\/betonatort.fr\/index.php\/wp-json\/wp\/v2\/pages\/10\/revisions"}],"predecessor-version":[{"id":823,"href":"https:\/\/betonatort.fr\/index.php\/wp-json\/wp\/v2\/pages\/10\/revisions\/823"}],"wp:attachment":[{"href":"https:\/\/betonatort.fr\/index.php\/wp-json\/wp\/v2\/media?parent=10"}],"curies":[{"name":"wp","href":"https:\/\/api.w.org\/{rel}","templated":true}]}}